{"id":11,"date":"2012-12-17T23:31:41","date_gmt":"2012-12-17T21:31:41","guid":{"rendered":"http:\/\/bremerkinder.de\/?page_id=11"},"modified":"2023-04-29T11:40:03","modified_gmt":"2023-04-29T10:40:03","slug":"willkommen","status":"publish","type":"page","link":"https:\/\/bremerkinder.de\/","title":{"rendered":"Herzlich willkommen beim Bremerkinder e.V."},"content":{"rendered":"<p>Wir freuen uns, Sie beim Bremerkinder e.V. begr\u00fc\u00dfen zu d\u00fcrfen. Auf den folgenden Seiten haben Sie die M\u00f6glichkeit sich \u00fcber die Philosophie, die Ziele und die Gr\u00fcnder der Bremerkinder zu informieren.<\/p>\n<p>Bei allen Fragen rund um den Verein stehen wir Ihnen gerne zur Verf\u00fcgung.<\/p>\n","protected":false},"excerpt":{"rendered":"<p>Wir freuen uns, Sie beim Bremerkinder e.V. begr\u00fc\u00dfen zu d\u00fcrfen. Auf den folgenden Seiten haben Sie die M\u00f6glichkeit sich \u00fcber die Philosophie, die Ziele und die Gr\u00fcnder der Bremerkinder zu informieren. Bei allen Fragen rund um den Verein stehen wir Ihnen gerne zur Verf\u00fcgung.<\/p>\n","protected":false},"author":1,"featured_media":0,"parent":0,"menu_order":0,"comment_status":"closed","ping_status":"open","template":"page-templates\/front-page.php","meta":[],"_links":{"self":[{"href":"https:\/\/bremerkinder.de\/index.php?rest_route=\/wp\/v2\/pages\/11"}],"collection":[{"href":"https:\/\/bremerkinder.de\/index.php?rest_route=\/wp\/v2\/pages"}],"about":[{"href":"https:\/\/bremerkinder.de\/index.php?rest_route=\/wp\/v2\/types\/page"}],"author":[{"embeddable":true,"href":"https:\/\/bremerkinder.de\/index.php?rest_route=\/wp\/v2\/users\/1"}],"replies":[{"embeddable":true,"href":"https:\/\/bremerkinder.de\/index.php?rest_route=%2Fwp%2Fv2%2Fcomments&post=11"}],"version-history":[{"count":10,"href":"https:\/\/bremerkinder.de\/index.php?rest_route=\/wp\/v2\/pages\/11\/revisions"}],"predecessor-version":[{"id":507,"href":"https:\/\/bremerkinder.de\/index.php?rest_route=\/wp\/v2\/pages\/11\/revisions\/507"}],"wp:attachment":[{"href":"https:\/\/bremerkinder.de\/index.php?rest_route=%2Fwp%2Fv2%2Fmedia&parent=11"}],"curies":[{"name":"wp","href":"https:\/\/api.w.org\/{rel}","templated":true}]}}